{"id":847,"date":"2010-12-06T17:28:14","date_gmt":"2010-12-06T15:28:14","guid":{"rendered":"http:\/\/www.devpsychology.ro\/?page_id=847"},"modified":"2015-10-11T19:02:21","modified_gmt":"2015-10-11T16:02:21","slug":"colab-institutionali","status":"publish","type":"page","link":"http:\/\/www.devpsychology.ro\/en\/collaborators\/institutional-collab\/","title":{"rendered":"Institutional collaborators"},"content":{"rendered":"<p><big>Babe\u015f-Bolyai University Kindergarten, Cluj-Napoca (since 2001)<br \/>\n\u201eAlbinu\u0163a\u201d Kindergarten, Cluj-Napoca (since 2002)<br \/>\n\u201eTrenule\u0163ul Veseliei\u201d Kindergarten, Cluj-Napoca (since 2003)<br \/>\n\u201eTeach the Children\u201d Kindergarten, Cluj-Napoca (since 2003)<br \/>\n\u201eCurcubeu\u201d Kindergarten, Cluj-Napoca (since 2004)<br \/>\n\u201eAcademia Piticilor\u201d Kindergarten, Cluj-Napoca (since 2007)<br \/>\n\u201eZ\u00e2na Zorilor\u201d Kindergarten, Cluj-Napoca (since 2009)<br \/>\n\u201eMicul Prin\u0163\u201d Kindergarten, Cluj-Napoca (since 2010)<br \/>\n\u201eMica Siren\u0103\u201d Kindergarten, Cluj-Napoca (since 2010)<br \/>\n\u201e\u0162\u0103nd\u0103ric\u0103\u201d Kindergarten, Cluj-Napoca (since 2008)<br \/>\n<ins datetime=\"2011-01-30T11:41:16+00:00\"><\/ins><br \/>\n\u201eHorea\u201d School, Cluj-Napoca (since 2005)<br \/>\n\u201eOnisifor Ghibu\u201d Highschool, Cluj-Napoca (2007-2008)<br \/>\n\u201eMihai Eminescu\u201d Highschool, Cluj-Napoca (since 2008)<br \/>\n\u201eRadu Stanca\u201d School, Cluj-Napoca (since 2009)<br \/>\n\u201eV.Voevod\u201d School, Cluj-Napoca (since 2009)<br \/>\nBihorul Sports Highschool, Oradea (since 2009)<br \/>\nSchool No. 11, Oradea (since 2010)<br \/>\nSchool No. 1, Gherla (since 2010)<br \/>\nElementary and Secondary School C\u00e2mpeni (since 2010)<br \/>\n\u201eIon Creang\u0103\u201d School, Cluj-Napoca (since 2011)<br \/>\n\u201eGheorghe \u015eincai\u201d Highschool, Cluj-Napoca (since 2011)<br \/>\n\u201eLucian Blaga\u201d Highschool, Cluj-Napoca (since 2011)<br \/>\n\u201eAna Ip\u0103tescu\u201d Highschool, Gherla (since 2011)<br \/>\n<ins datetime=\"2011-01-30T11:41:16+00:00\"><\/ins><br \/>\nSpecial Education Kindergarten, Cluj-Napoca (since 2003)<br \/>\nClinical Hospital for Children, Paediatric Neurology Department, Cluj-Napoca (2000-2009)<br \/>\nSpecial Education Center &#8220;Speran\u0163a&#8221;, Timi\u015foara (2000-2008)<br \/>\nThe &#8220;Dai o \u015fans\u0103&#8221; Down Syndrome Association, Alexandria, Teleorman County (2007-2008)<\/big><\/p>","protected":false},"excerpt":{"rendered":"<p>Babe\u015f-Bolyai University Kindergarten, Cluj-Napoca (since 2001) \u201eAlbinu\u0163a\u201d Kindergarten, Cluj-Napoca (since 2002) \u201eTrenule\u0163ul Veseliei\u201d Kindergarten, Cluj-Napoca (since 2003) \u201eTeach the Children\u201d Kindergarten, Cluj-Napoca (since 2003) \u201eCurcubeu\u201d Kindergarten, Cluj-Napoca (since 2004) \u201eAcademia Piticilor\u201d Kindergarten, Cluj-Napoca (since 2007) \u201eZ\u00e2na Zorilor\u201d Kindergarten, Cluj-Napoca (since&hellip;<\/p>\n<p class=\"more-link-p\"><a class=\"more-link\" href=\"http:\/\/www.devpsychology.ro\/en\/collaborators\/institutional-collab\/\">Read more &rarr;<\/a><\/p>\n","protected":false},"author":1,"featured_media":0,"parent":439,"menu_order":2,"comment_status":"open","ping_status":"open","template":"","meta":[],"_links":{"self":[{"href":"http:\/\/www.devpsychology.ro\/en\/wp-json\/wp\/v2\/pages\/847"}],"collection":[{"href":"http:\/\/www.devpsychology.ro\/en\/wp-json\/wp\/v2\/pages"}],"about":[{"href":"http:\/\/www.devpsychology.ro\/en\/wp-json\/wp\/v2\/types\/page"}],"author":[{"embeddable":true,"href":"http:\/\/www.devpsychology.ro\/en\/wp-json\/wp\/v2\/users\/1"}],"replies":[{"embeddable":true,"href":"http:\/\/www.devpsychology.ro\/en\/wp-json\/wp\/v2\/comments?post=847"}],"version-history":[{"count":0,"href":"http:\/\/www.devpsychology.ro\/en\/wp-json\/wp\/v2\/pages\/847\/revisions"}],"up":[{"embeddable":true,"href":"http:\/\/www.devpsychology.ro\/en\/wp-json\/wp\/v2\/pages\/439"}],"wp:attachment":[{"href":"http:\/\/www.devpsychology.ro\/en\/wp-json\/wp\/v2\/media?parent=847"}],"curies":[{"name":"wp","href":"https:\/\/api.w.org\/{rel}","templated":true}]}}