{"id":911,"date":"2010-12-12T09:44:35","date_gmt":"2010-12-12T07:44:35","guid":{"rendered":"http:\/\/www.devpsychology.ro\/?page_id=911"},"modified":"2015-10-11T19:24:09","modified_gmt":"2015-10-11T16:24:09","slug":"evenimente","status":"publish","type":"page","link":"http:\/\/www.devpsychology.ro\/en\/events\/","title":{"rendered":"Events"},"content":{"rendered":"<p>Circle of Security International, \u00een colaborare cu Laboratorul de Psihologia Dezvolt\u0103rii, invit\u0103 speciali\u0219tii implica\u0163i \u00een munca cu copiii \u0219i p\u0103rin\u021bii s\u0103 participe la:<\/p>\n<p><strong>PROGRAMUL DE EDUCA\u0162IE PARENTAL\u0102 \u201eCircle of Security\u00a9\u201d<\/strong><\/p>\n<p>PERIOADA: 14 \u2013 17 Octombrie 2014<br \/>\nLOCA\u021aIE: Pia\u0163a Avram Iancu, Nr. 13, Cluj-Napoca, 400124 (\u00een cl\u0103direa Institutului Teologic Protestant)<br \/>\nLink-loca\u021bie: <a href=\"https:\/\/plus.google.com\/113510551811301001501\/about?hl=en\">https:\/\/plus.google.com\/113510551811301001501\/about?hl=en<\/a><br \/>\nTAX\u0102: 275 $ (taxa se poate pl\u0103ti \u00een dou\u0103 tran\u0219e)<br \/>\n\u00ceNSCRIERE: <a href=\"https:\/\/www.regonline.com\/register\/login.aspx?eventID=1462584&#038;MethodID=0\">https:\/\/www.regonline.com\/register\/login.aspx?eventID=1462584&#038;MethodID=0<\/a><\/p>\n<p>Deadline \u00eenscriere: 10 octombrie 2014<\/p>\n<p>Pentru mai multe informa\u021bii despre \u201dCircle of Security\u201d, accesa\u021bi:<\/p>\n<p>Pagina programului \u201dCircle of Security\u201d: <a href=\"http:\/\/circleofsecurity.net\">http:\/\/circleofsecurity.net<\/a><\/p>\n<p>Prezentarea Programului de Educa\u021bie Parental\u0103 \u201dCircle of Security\u201d:<br \/>\n<a href=\"https:\/\/www.youtube.com\/watch?v=nuczon-NPvA\">https:\/\/www.youtube.com\/watch?v=nuczon-NPvA<\/a><br \/>\nPentru inserarea subtitr\u0103rii \u00een limba rom\u00e2na, face\u021bi click pe butonul captions de pe bara de derulare \u0219i selecta\u021bi limba rom\u00e2n\u0103.<\/p>\n<p><a href=\"https:\/\/www.youtube.com\/watch?v=F6DhnbgRAOo&#038;feature=youtu.be\">https:\/\/www.youtube.com\/watch?v=F6DhnbgRAOo&#038;feature=youtu.be<\/a><br \/>\n<a href=\"http:\/\/www.devpsychology.ro\/wp-content\/uploads\/COS-Flyer-RO_21.jpg\"><img decoding=\"async\" loading=\"lazy\" src=\"http:\/\/www.devpsychology.ro\/wp-content\/uploads\/COS-Flyer-RO_21.jpg\" alt=\"\" title=\"COS-Flyer-RO_2\" width=\"767\" height=\"1024\" class=\"alignnone size-full wp-image-1389\" srcset=\"http:\/\/www.devpsychology.ro\/wp-content\/uploads\/COS-Flyer-RO_21.jpg 767w, http:\/\/www.devpsychology.ro\/wp-content\/uploads\/COS-Flyer-RO_21-224x300.jpg 224w, http:\/\/www.devpsychology.ro\/wp-content\/uploads\/COS-Flyer-RO_21-250x333.jpg 250w\" sizes=\"(max-width: 767px) 100vw, 767px\" \/><\/a><\/p>\n","protected":false},"excerpt":{"rendered":"<p>Circle of Security International, \u00een colaborare cu Laboratorul de Psihologia Dezvolt\u0103rii, invit\u0103 speciali\u0219tii implica\u0163i \u00een munca cu copiii \u0219i p\u0103rin\u021bii s\u0103 participe la: PROGRAMUL DE EDUCA\u0162IE PARENTAL\u0102 \u201eCircle of Security\u00a9\u201d PERIOADA: 14 \u2013 17 Octombrie 2014 LOCA\u021aIE: Pia\u0163a Avram Iancu,&hellip;<\/p>\n<p class=\"more-link-p\"><a class=\"more-link\" href=\"http:\/\/www.devpsychology.ro\/en\/events\/\">Read more &rarr;<\/a><\/p>\n","protected":false},"author":1,"featured_media":0,"parent":0,"menu_order":6,"comment_status":"open","ping_status":"open","template":"","meta":[],"_links":{"self":[{"href":"http:\/\/www.devpsychology.ro\/en\/wp-json\/wp\/v2\/pages\/911"}],"collection":[{"href":"http:\/\/www.devpsychology.ro\/en\/wp-json\/wp\/v2\/pages"}],"about":[{"href":"http:\/\/www.devpsychology.ro\/en\/wp-json\/wp\/v2\/types\/page"}],"author":[{"embeddable":true,"href":"http:\/\/www.devpsychology.ro\/en\/wp-json\/wp\/v2\/users\/1"}],"replies":[{"embeddable":true,"href":"http:\/\/www.devpsychology.ro\/en\/wp-json\/wp\/v2\/comments?post=911"}],"version-history":[{"count":0,"href":"http:\/\/www.devpsychology.ro\/en\/wp-json\/wp\/v2\/pages\/911\/revisions"}],"wp:attachment":[{"href":"http:\/\/www.devpsychology.ro\/en\/wp-json\/wp\/v2\/media?parent=911"}],"curies":[{"name":"wp","href":"https:\/\/api.w.org\/{rel}","templated":true}]}}