{"id":487,"date":"2010-11-14T21:52:49","date_gmt":"2010-11-14T19:52:49","guid":{"rendered":"http:\/\/www.devpsychology.ro\/?page_id=487"},"modified":"2025-04-16T10:14:21","modified_gmt":"2025-04-16T07:14:21","slug":"ionescu","status":"publish","type":"page","link":"https:\/\/www.devpsychology.ro\/en\/people\/ionescu\/","title":{"rendered":"Thea Ionescu, PhD"},"content":{"rendered":"<p><strong><a href=\"http:\/\/www.devpsychology.ro\/wp-content\/uploads\/thea-2022.png\"><img decoding=\"async\" loading=\"lazy\" class=\"alignleft size-medium wp-image-2344\" src=\"http:\/\/www.devpsychology.ro\/wp-content\/uploads\/thea-2022-209x300.png\" alt=\"thea 2022\" width=\"209\" height=\"300\" srcset=\"https:\/\/www.devpsychology.ro\/wp-content\/uploads\/thea-2022-209x300.png 209w, https:\/\/www.devpsychology.ro\/wp-content\/uploads\/thea-2022-160x230.png 160w, https:\/\/www.devpsychology.ro\/wp-content\/uploads\/thea-2022.png 255w\" sizes=\"(max-width: 209px) 100vw, 209px\" \/><\/a>Affiliation:<\/strong><\/p>\n<p>Department of Psychology<\/p>\n<p><span style=\"letter-spacing: 0.05em; line-height: 1.6875;\">Faculty of Psychology and Sciences of Education<\/span><\/p>\n<p>Babes-Bolyai University, Cluj-Napoca, Romania<\/p>\n<p><strong>Research interests:<\/strong><\/p>\n<p>The development of cognitive flexibility: The <em>Variability-Stability-Flexibility<\/em> Pattern<\/p>\n<p>Development of Categorization; Conceptual Development<\/p>\n<p>Embodied\/Grounded Cognition \u2013 implications for development and education<\/p>\n<p>Giftedness; Insight in creative problem solving<\/p>\n<p>Early education<\/p>\n<p><strong><a title=\"CV Ionescu\" href=\"https:\/\/docs.google.com\/document\/d\/1PYmCLgXHsEReYUhVPx84FrqngjvUrVzSIIzcRAyKqf8\/edit?pli=1\" target=\"_blank\" rel=\"noopener\">CV<\/a><\/strong><\/p>\n<p><strong>Subgroup in the lab: <\/strong>FCA (<strong>F<\/strong>lexibility and Grounded Cognition &#8211; &#8220;<strong>C<\/strong>ognitie <strong>a<\/strong>ncorata&#8221; in Romanian)<\/p>\n<ul>\n<li style=\"list-style-type: none;\">\n<ul>\n<li>members: dr. Doris Rogobete; Alexandru Bibire (PhD student), Andreea Chi\u0219, Alisa Dancu, Delia Faur, C\u0103t\u0103lina Secar\u0103 (master students); Daniela Checiche\u0219, Teodora Ciuca, Daniela Ghiol\u021ban, Codru\u021b \u0218tefan Toader (undergraduate students).<\/li>\n<li>collaborators: Robert Goldstone (Professor, Indiana University);\u00a0 Jon Star (Professor, Harvard Graduate School of Education); Ronghuan Jiang (Assistant Professor, Shenzen University); Hippolyte Gros (Associate Professor, Universite Aix-Marseille); Ionu\u021b Mone (Assistant Professor, UBB); Fernando Marmolejo-Ramos (Research Fellow, Univ. of South Australia, Australia); Vanessa Botan (Lecturer, Nottingham Trent University, UK), Mihaela \u0162\u0103ranu (Postdoc, Aarhus University, Denmark); Alexandra Marian, Roxana Mateiu-Vescan, Octavian Ojog, Ligia Suciu (Psychologists); Lidia Grigoriu (PhD student UBB).<\/li>\n<\/ul>\n<\/li>\n<\/ul>\n<p><\/p>","protected":false},"excerpt":{"rendered":"<p>Affiliation: Department of Psychology Faculty of Psychology and Sciences of Education Babes-Bolyai University, Cluj-Napoca, Romania Research interests: The development of cognitive flexibility: The Variability-Stability-Flexibility Pattern Development of Categorization; Conceptual Development Embodied\/Grounded Cognition \u2013 implications for development and education Giftedness; Insight&hellip;<\/p>\n<p class=\"more-link-p\"><a class=\"more-link\" href=\"https:\/\/www.devpsychology.ro\/en\/people\/ionescu\/\">Read more &rarr;<\/a><\/p>\n","protected":false},"author":3,"featured_media":0,"parent":387,"menu_order":2,"comment_status":"closed","ping_status":"closed","template":"","meta":[],"_links":{"self":[{"href":"https:\/\/www.devpsychology.ro\/en\/wp-json\/wp\/v2\/pages\/487"}],"collection":[{"href":"https:\/\/www.devpsychology.ro\/en\/wp-json\/wp\/v2\/pages"}],"about":[{"href":"https:\/\/www.devpsychology.ro\/en\/wp-json\/wp\/v2\/types\/page"}],"author":[{"embeddable":true,"href":"https:\/\/www.devpsychology.ro\/en\/wp-json\/wp\/v2\/users\/3"}],"replies":[{"embeddable":true,"href":"https:\/\/www.devpsychology.ro\/en\/wp-json\/wp\/v2\/comments?post=487"}],"version-history":[{"count":25,"href":"https:\/\/www.devpsychology.ro\/en\/wp-json\/wp\/v2\/pages\/487\/revisions"}],"predecessor-version":[{"id":2433,"href":"https:\/\/www.devpsychology.ro\/en\/wp-json\/wp\/v2\/pages\/487\/revisions\/2433"}],"up":[{"embeddable":true,"href":"https:\/\/www.devpsychology.ro\/en\/wp-json\/wp\/v2\/pages\/387"}],"wp:attachment":[{"href":"https:\/\/www.devpsychology.ro\/en\/wp-json\/wp\/v2\/media?parent=487"}],"curies":[{"name":"wp","href":"https:\/\/api.w.org\/{rel}","templated":true}]}}