{"id":821,"date":"2010-12-06T17:00:03","date_gmt":"2010-12-06T15:00:03","guid":{"rendered":"http:\/\/www.devpsychology.ro\/?page_id=821"},"modified":"2022-12-13T16:35:59","modified_gmt":"2022-12-13T14:35:59","slug":"studenti-anterior","status":"publish","type":"page","link":"https:\/\/www.devpsychology.ro\/en\/people\/students-alumni\/","title":{"rendered":"Students (Alumni)"},"content":{"rendered":"<p><\/p>\n<h5><big>Diana Apopi<br \/>\nVladimir Bos\u00eenceanu<br \/>\nDaniela Bota<br \/>\nIrina Bulai<br \/>\nLoredana Cojan<br \/>\nAlina Cosma<br \/>\nIoana Constandache<br \/>\nDaciana Dumitrescu<br \/>\nIoana David<br \/>\nVioleta Furdui<br \/>\nAlexandra Gu\u015fi\u0163\u0103<br \/>\nAndreea Grigore<\/big><\/h5>\n<h5><big>C\u0103lin Hopsitar<br \/>\nAlexandra Ivan<br \/>\nAlina Ivan<br \/>\nLavinia Ji\u015fa<br \/>\nRaluca Luc\u0103cel<br \/>\nM\u0103d\u0103lina Mihai<br \/>\nTeodora Mihalache<\/big><\/h5>\n<h5><big>Paula Moldovan<br \/>\nVoicu Mure\u015fan<br \/>\nIrina Paraschiv<br \/>\nLigia Pastea<br \/>\nMarcela Pen\u0163a<\/big><\/h5>\n<p>Beatrix Perde<\/p>\n<h5><big>Cristiana Pieptea<br \/>\nCristina Pop<br \/>\nMihaela Pop<br \/>\nLiviu Paul Popovici<br \/>\nM\u0103d\u0103lina Radu<br \/>\nRoxana Radu<br \/>\nAlexandra Sidor<\/big><\/h5>\n<h5><big>Mihaela \u0162\u0103ranu<br \/>\nDaniela Vasile<br \/>\nMihai Varga<\/big><\/h5>\n<h5><big>Dermina Vasc<br \/>\nAlina Zlati<\/big><\/h5>\n<p><\/p>","protected":false},"excerpt":{"rendered":"<p>Diana Apopi Vladimir Bos\u00eenceanu Daniela Bota Irina Bulai Loredana Cojan Alina Cosma Ioana Constandache Daciana Dumitrescu Ioana David Violeta Furdui Alexandra Gu\u015fi\u0163\u0103 Andreea Grigore C\u0103lin Hopsitar Alexandra Ivan Alina Ivan Lavinia Ji\u015fa Raluca Luc\u0103cel M\u0103d\u0103lina Mihai Teodora Mihalache Paula Moldovan&hellip;<\/p>\n<p class=\"more-link-p\"><a class=\"more-link\" href=\"https:\/\/www.devpsychology.ro\/en\/people\/students-alumni\/\">Read more &rarr;<\/a><\/p>\n","protected":false},"author":3,"featured_media":0,"parent":387,"menu_order":13,"comment_status":"closed","ping_status":"closed","template":"","meta":[],"_links":{"self":[{"href":"https:\/\/www.devpsychology.ro\/en\/wp-json\/wp\/v2\/pages\/821"}],"collection":[{"href":"https:\/\/www.devpsychology.ro\/en\/wp-json\/wp\/v2\/pages"}],"about":[{"href":"https:\/\/www.devpsychology.ro\/en\/wp-json\/wp\/v2\/types\/page"}],"author":[{"embeddable":true,"href":"https:\/\/www.devpsychology.ro\/en\/wp-json\/wp\/v2\/users\/3"}],"replies":[{"embeddable":true,"href":"https:\/\/www.devpsychology.ro\/en\/wp-json\/wp\/v2\/comments?post=821"}],"version-history":[{"count":4,"href":"https:\/\/www.devpsychology.ro\/en\/wp-json\/wp\/v2\/pages\/821\/revisions"}],"predecessor-version":[{"id":2358,"href":"https:\/\/www.devpsychology.ro\/en\/wp-json\/wp\/v2\/pages\/821\/revisions\/2358"}],"up":[{"embeddable":true,"href":"https:\/\/www.devpsychology.ro\/en\/wp-json\/wp\/v2\/pages\/387"}],"wp:attachment":[{"href":"https:\/\/www.devpsychology.ro\/en\/wp-json\/wp\/v2\/media?parent=821"}],"curies":[{"name":"wp","href":"https:\/\/api.w.org\/{rel}","templated":true}]}}