{"id":942,"date":"2011-01-27T11:02:38","date_gmt":"2011-01-27T09:02:38","guid":{"rendered":"http:\/\/www.devpsychology.ro\/?page_id=942"},"modified":"2019-04-08T20:46:40","modified_gmt":"2019-04-08T17:46:40","slug":"informatii","status":"publish","type":"page","link":"https:\/\/www.devpsychology.ro\/en\/resources\/information-parents-teachers\/","title":{"rendered":"Information for parents and teachers"},"content":{"rendered":"<p><\/p>\n<h2><a href=\"http:\/\/www.devpsychology.ro\/wp-content\/uploads\/01_Prescolar-brosura-pentru-cadre-didactice.pdf\">Pre\u015fcolarul: Bro\u015fur\u0103 pentru cadre didactice<\/a><\/h2>\n<h2><a href=\"http:\/\/www.devpsychology.ro\/wp-content\/uploads\/01_Prescolar-pliant-pentru-parinti.pdf\">Pre\u015fcolarul: Pliant pentru p\u0103rin\u0163i<\/a><\/h2>\n<h2><a href=\"http:\/\/www.devpsychology.ro\/wp-content\/uploads\/01_Prescolari-dezvoltare-cognitiva.pdf\">Pre\u015fcolarul: Dezvoltarea cognitiv\u0103<\/a><\/h2>\n<h2><a href=\"http:\/\/www.devpsychology.ro\/wp-content\/uploads\/01_Prescolari-dezvoltare-socio-emotionala.pdf\">Pre\u015fcolarul: Dezvoltare socio-emo\u0163ional\u0103<\/a><\/h2>\n<h2><a href=\"http:\/\/www.devpsychology.ro\/wp-content\/uploads\/02_Scolar-mic-brosura-pentru-cadre-didactice.pdf\">\u015ecolarul mic: Bro\u015fur\u0103 pentru cadre didactice<\/a><\/h2>\n<h2><a href=\"http:\/\/www.devpsychology.ro\/wp-content\/uploads\/02_Scolar-mic-pliant-pentru-parinti.pdf\">\u015ecolarul mic: Pliant pentru p\u0103rin\u0163i<\/a><\/h2>\n<h2><a href=\"http:\/\/www.devpsychology.ro\/wp-content\/uploads\/03_Adolescent-brosura-pentru-cadre-didactice.pdf\">Adolescentul: Bro\u015fur\u0103 pentru cadre didactice<\/a><\/h2>\n<h2><a href=\"http:\/\/www.devpsychology.ro\/wp-content\/uploads\/03_Adolescent-pliant-pentru-parinti.pdf\">Adolescentul: Pliant pentru p\u0103rin\u0163i<\/a><\/h2>\n<p>tehnologia si copiii<\/p>","protected":false},"excerpt":{"rendered":"<p>Pre\u015fcolarul: Bro\u015fur\u0103 pentru cadre didactice Pre\u015fcolarul: Pliant pentru p\u0103rin\u0163i Pre\u015fcolarul: Dezvoltarea cognitiv\u0103 Pre\u015fcolarul: Dezvoltare socio-emo\u0163ional\u0103 \u015ecolarul mic: Bro\u015fur\u0103 pentru cadre didactice \u015ecolarul mic: Pliant pentru p\u0103rin\u0163i Adolescentul: Bro\u015fur\u0103 pentru cadre didactice Adolescentul: Pliant pentru p\u0103rin\u0163i tehnologia si copiii<\/p>\n<p class=\"more-link-p\"><a class=\"more-link\" href=\"https:\/\/www.devpsychology.ro\/en\/resources\/information-parents-teachers\/\">Read more &rarr;<\/a><\/p>\n","protected":false},"author":1,"featured_media":0,"parent":908,"menu_order":2,"comment_status":"open","ping_status":"open","template":"","meta":[],"_links":{"self":[{"href":"https:\/\/www.devpsychology.ro\/en\/wp-json\/wp\/v2\/pages\/942"}],"collection":[{"href":"https:\/\/www.devpsychology.ro\/en\/wp-json\/wp\/v2\/pages"}],"about":[{"href":"https:\/\/www.devpsychology.ro\/en\/wp-json\/wp\/v2\/types\/page"}],"author":[{"embeddable":true,"href":"https:\/\/www.devpsychology.ro\/en\/wp-json\/wp\/v2\/users\/1"}],"replies":[{"embeddable":true,"href":"https:\/\/www.devpsychology.ro\/en\/wp-json\/wp\/v2\/comments?post=942"}],"version-history":[{"count":0,"href":"https:\/\/www.devpsychology.ro\/en\/wp-json\/wp\/v2\/pages\/942\/revisions"}],"up":[{"embeddable":true,"href":"https:\/\/www.devpsychology.ro\/en\/wp-json\/wp\/v2\/pages\/908"}],"wp:attachment":[{"href":"https:\/\/www.devpsychology.ro\/en\/wp-json\/wp\/v2\/media?parent=942"}],"curies":[{"name":"wp","href":"https:\/\/api.w.org\/{rel}","templated":true}]}}