{"id":950,"date":"2011-01-27T11:07:36","date_gmt":"2011-01-27T09:07:36","guid":{"rendered":"http:\/\/www.devpsychology.ro\/?page_id=950"},"modified":"2015-10-11T19:23:06","modified_gmt":"2015-10-11T16:23:06","slug":"publicatii-utile","status":"publish","type":"page","link":"https:\/\/www.devpsychology.ro\/en\/resources\/useful-publications\/","title":{"rendered":"Useful publications"},"content":{"rendered":"<p><\/p>\n<ul> <strong>Books and collective volumes:<\/strong><\/p>\n<p>Benga, O. &amp; Miclea, M. (Eds.; 2001), <em>Development and Cognitio<\/em>n, Presa Universitar\u0103 Clujean\u0103.<\/p>\n<p>Benga, O. (Editor), Boro\u015f, S., Petra, L., Pop, M., Bogdan, R. (co-authors<em>).<\/em>(2002).<em> <a href=\"http:\/\/www.ascr.ro\/index.php?option=com_content&amp;task=view&amp;id=31&amp;Itemid=17\">Jocuri Terapeutice<\/a><\/em>. \u00cen \u201eColectia: Pentru tine si copilul tau\u201d, Editura ASCR, Cluj-Napoca; si (2004) ed. a II-a revizuit\u0103, (2009) ed. a III-a revizuit\u0103.<\/p>\n<p>Benga, O. &amp; Miu, A. C. (Eds.; 2005). <em><a href=\"http:\/\/www.cbbjournal.ro\/index.php?option=com_content&amp;task=category&amp;sectionid=11&amp;id=44&amp;Itemid=40\">Developmental cognitive neuroscience<\/a><\/em><em>.<\/em> Editura ASCR, Cluj-Napoca. Num\u0103r special al revistei Creier, Cogni\u0163ie, Comportament\/ Cognition, Brain, Behavior, Vol. IX, nr. 2.<\/p>\n<p>Benga, O., Petra, L. &amp; Miu, A. C. (2005). Corelate electrofiziologice ale dezvoltarii tipice si atipice. Perspectiva neurostiintelor cognitive ale dezvoltarii. \u00cen L. Zagrean (Ed.), <em><span style=\"text-decoration: underline;\"><a href=\"http:\/\/www.neuroscience.ro\/pub.html\">Neuroelectrofiziologie Clinica<\/a><\/span><\/em><em>, <\/em>Bucure\u015fti: Editura Universitar\u0103 \u201cCarol Davila\u201d, 381-418.<\/p>\n<p>Boro\u015f, S. &amp; Petra, L. (2004). <em><a href=\"http:\/\/www.ascr.ro\/index.php?option=com_content&amp;task=view&amp;id=45&amp;Itemid=17\">Comunicare si relatii interpersonale<\/a>.<\/em>\u00cen Lemeni, G &amp; Miclea, M. (Eds), <em>Consiliere si Orientare \u2013 Ghid de educatie pentru cariera<\/em>, Editura ASCR, Cluj-Napoca.<\/p>\n<p>Ionescu. T. (2009). <em><a href=\"http:\/\/www.ascr.ro\/index.php?option=com_content&amp;task=view&amp;id=62&amp;Itemid=17\">Copiii fac ordine! Categorizarea la v\u00e2rsta pre\u015fcolar\u0103<\/a><\/em><em>. <\/em>Editura ASCR, Cluj-Napoca.<\/p>\n<p>Ionescu. T. &amp; Benga, O .(Eds; 2003). <em><a href=\"http:\/\/www.cbbjournal.ro\/index.php?option=com_content&amp;task=category&amp;sectionid=9&amp;id=36&amp;Itemid=38\">Development and cognition<\/a> (1).<\/em> Editura ASCR, Cluj-Napoca; Num\u0103r special al revistei Creier, Cogni\u0163ie, Comportament\/ Cognition, Brain, Behavior, vol VII, nr. 1.<\/p>\n<p>Ionescu. T. &amp; Benga, O .(Eds; 2003). <em><a href=\"http:\/\/www.cbbjournal.ro\/index.php?option=com_content&amp;task=category&amp;sectionid=9&amp;id=37&amp;Itemid=38\">Development and cognition<\/a> (2).<\/em> Editura ASCR, Cluj-Napoca; Num\u0103r special al revistei Creier, Cogni\u0163ie, Comportament\/ Cognition, Brain, Behavior, vol VII, nr. 2.<\/p>\n<p>Ionescu. T. &amp; Goldstone, R. L .(Eds; 2007). <em><a href=\"http:\/\/www.cbbjournal.ro\/index.php?option=com_content&amp;task=category&amp;sectionid=13&amp;id=54&amp;Itemid=42\">The development of categorization<\/a><\/em>. Editura ASCR, Cluj-Napoca; Num\u0103r special al revistei Creier, Cogni\u0163ie, Comportament\/ Cognition, Brain, Behavior, vol XI, nr. 4.<\/p>\n<p>Maoueue, J. &amp; Ionescu, T. (Eds; 2011). <em><a href=\"http:\/\/www.cbbjournal.ro\/index.php?option=com_content&amp;task=category&amp;sectionid=17&amp;id=70&amp;Itemid=57\" target=\"_blank\">Embodiment and Development<\/a><\/em>. Editura ASCR, Cluj-Napoca; Num\u0103r special al revistei Creier, Cogni\u0163ie, Comportament\/ Cognition, Brain, Behavior, vol XV, nr. 4.<\/p>\n<p>Miu, A. C. &amp; Visu-Petra, L. (2009). <em><a href=\"http:\/\/www.emcoglab.org\/images\/stories\/doc\/AnxietyDisordersChapter_%5BSUBMIT%5D.pdf\">Anxiety disorders in children and adults: A cognitive, neurophysiological and genetic characterization<\/a>.<\/em> \u00cen R. Carlstedt (Ed.): <em>Handbook of<\/em> <em>Integrative Clinical Psychology, Psychiatry and Behavioral Medicine: Perspectives, Practices and Research, <\/em>Springer &#8211; New York (sub tipar).<\/p>\n<p>Petra, L., Benga, O. &amp; Tincas, I. (2005). <em><a href=\"http:\/\/www.psych.unito.it\/csc\/cogsci05\/frame\/poster\/2\/f168-petra.pdf\">A dynamic approach to the co-construction of autobiographical memory: Insights from dyadic conversations about the past.<\/a> Proceedings of the CogSci 2005, XXVII Annual Conference of the Cognitive Science Society, <\/em>Bruno G. Bara, Lawrence Barsalou, &amp; Monica Bucciarelli (Eds), Lawrence Erlbaum Associates, Inc., New Jersey, 1732-1738.<\/p>\n<p>Reid, V. M., Geangu, E., (2008). <em>Research Methodology and Social Cognition.<\/em> Capitol \u00een T. Striano, &amp; V. M. Reid (Eds.) <em><a href=\"http:\/\/eu.wiley.com\/WileyCDA\/WileyTitle\/productCd-1405162171,descCd-description.html\">Social cognition: Development, Neuroscience and Autism<\/a><\/em>. Oxford: Blackwell.<\/p>\n<p>Visu-Petra, L. (2008). <em><a href=\"http:\/\/www.ascr.ro\/index.php?option=com_content&amp;task=view&amp;id=60&amp;Itemid=21\">The multidimensional development of executive functioning: A neuropsychological approach.<\/a><\/em><em> <\/em>Editura ASCR, Cluj-Napoca.<\/p>\n<p>Visu-Petra, L. &amp; Benga, O. (Eds.) (2007). <a href=\"http:\/\/www.cbbjournal.ro\/index.php?option=com_content&amp;task=category&amp;sectionid=13&amp;id=53&amp;Itemid=42\"><em>Developmental Cognitive Neuropsychology<\/em>. <\/a> Cluj-Napoca, Editura ASCR; Num\u0103r special al revistei Creier, Cogni\u0163ie, Comportament\/ Cognition, Brain, Behavior, vol XI, nr. 3.<\/ul>\n<ul> <strong>Translations:<\/strong><\/p>\n<p>Benga, O. (2002). <em><a href=\"http:\/\/www.ascr.ro\/index.php?option=com_geda&amp;Itemid=19\">Primele 365 de zile din via\u0163a unui copil<\/a><\/em>. Editura ASCR, Cluj-Napoca (Traducere din Hellbrugge, T. &amp; von Wimpffen, J. H., 1976, Munchen)<\/p>\n<p>David, D., Opre, A., &amp; Petra, L. (2003). <em><a href=\"http:\/\/www.ascr.ro\/index.php?option=com_content&amp;task=view&amp;id=42&amp;Itemid=19\">Pove\u015fti ra\u0163ionale pentru copii<\/a><\/em><em> <\/em>(Rational Stories for Children). Editura ASCR: Cluj-Napoca, Traducere din Waters, V. (1980). AEI: New-York.<\/p>\n<p>Ionescu, T. (2005; 2007), <em><a href=\"http:\/\/www.ascr.ro\/index.php?option=com_content&amp;task=view&amp;id=54&amp;Itemid=19\">Introducere \u00een psihologia copilului<\/a><\/em><em>.<\/em> Editura ASCR, Cluj-Napoca (Traducere din \u201cIntroducing child psychology\u201d; H. R. Schaffer, 2004; Ed. Blackwell Publishing Ltd.).<\/p>\n<p>Ionescu, T. (2003). <em>\u00cenv\u0103\u0163area perceptual\u0103<\/em>. Traducere din Annual Review of Psychology, autor R.L. Goldstone; 49\/1998), Cognitie, creier, comportament, 1,VII, 31-59.<\/p>\n<p>Petra, L., &amp; Porumb, M. (2005). Traducere \u015fi adaptare \u201c<em>Administering NEPSY: A Developmental Neuropsychological Assessment<\/em>\u201d, Subtest Administration, Ed. ASCR, Cluj-Napoca.<\/p>\n<p>Visu-Petra, L. (coord.) Pitic\u0103, I., Susa, G. (2009). <em><a href=\"http:\/\/www.ascr.ro\/index.php?option=com_content&amp;task=view&amp;id=67&amp;Itemid=19\">Tratamentul anxiet\u0103\u0163ii la copii \u015fi adolescen\u0163i<\/a><\/em><em>: O abordare fundamentat\u0103 \u015ftiin\u0163ific<\/em>, Editura ASCR, Cluj-Napoca (Traducere din \u201cTreating anxious children and adolescents: An evidence-based approach\u201d; Rapee, Wignall, Hudson, Schniering; 2000, New-Harbinger, USA).<\/p>\n<p>Visu-Petra, L. &amp; Benga, O. (2007). <em><a href=\"http:\/\/www.ascr.ro\/index.php?option=com_content&amp;task=view&amp;id=55&amp;Itemid=19\">Cum s\u0103 v\u0103 ajuta\u0163i copilul cu probleme de anxietate: Un ghid pas-cu-pas pentru p\u0103rin\u0163i<\/a><\/em>, Editura ASCR, Cluj-Napoca (Traducere din \u201cHelping your anxious child: A step-by-step guide for parents\u201d; Rapee, Spence, Cobham, &amp; Wignall, 2000, New-Harbinger, USA).<\/ul>\n<p><\/p>","protected":false},"excerpt":{"rendered":"<p>Books and collective volumes: Benga, O. &amp; Miclea, M. (Eds.; 2001), Development and Cognition, Presa Universitar\u0103 Clujean\u0103. Benga, O. (Editor), Boro\u015f, S., Petra, L., Pop, M., Bogdan, R. (co-authors).(2002). Jocuri Terapeutice. \u00cen \u201eColectia: Pentru tine si copilul tau\u201d, Editura ASCR,&hellip;<\/p>\n<p class=\"more-link-p\"><a class=\"more-link\" href=\"https:\/\/www.devpsychology.ro\/en\/resources\/useful-publications\/\">Read more &rarr;<\/a><\/p>\n","protected":false},"author":1,"featured_media":0,"parent":908,"menu_order":3,"comment_status":"open","ping_status":"open","template":"","meta":[],"_links":{"self":[{"href":"https:\/\/www.devpsychology.ro\/en\/wp-json\/wp\/v2\/pages\/950"}],"collection":[{"href":"https:\/\/www.devpsychology.ro\/en\/wp-json\/wp\/v2\/pages"}],"about":[{"href":"https:\/\/www.devpsychology.ro\/en\/wp-json\/wp\/v2\/types\/page"}],"author":[{"embeddable":true,"href":"https:\/\/www.devpsychology.ro\/en\/wp-json\/wp\/v2\/users\/1"}],"replies":[{"embeddable":true,"href":"https:\/\/www.devpsychology.ro\/en\/wp-json\/wp\/v2\/comments?post=950"}],"version-history":[{"count":0,"href":"https:\/\/www.devpsychology.ro\/en\/wp-json\/wp\/v2\/pages\/950\/revisions"}],"up":[{"embeddable":true,"href":"https:\/\/www.devpsychology.ro\/en\/wp-json\/wp\/v2\/pages\/908"}],"wp:attachment":[{"href":"https:\/\/www.devpsychology.ro\/en\/wp-json\/wp\/v2\/media?parent=950"}],"curies":[{"name":"wp","href":"https:\/\/api.w.org\/{rel}","templated":true}]}}